{"id":15,"date":"2019-06-29T14:19:18","date_gmt":"2019-06-29T14:19:18","guid":{"rendered":"http:\/\/debian.local\/wordpress\/?page_id=15"},"modified":"2019-11-20T21:07:29","modified_gmt":"2019-11-20T21:07:29","slug":"bildbearbeitung","status":"publish","type":"page","link":"https:\/\/ame-design.de\/index.php\/startseite\/bildbearbeitung\/","title":{"rendered":"Bildbearbeitung"},"content":{"rendered":"\n<p>In ihren Bildern steckt mehr drin.<\/p>\n\n\n\n<p>Perfekte Bilder entstehen seltenst in Natura. Wir m\u00fcssen alle ein bisschen nachhelfen, und manchmal auch mehr. Daf\u00fcr sind wir unversch\u00e4mte Manipulatoren, Zeitkorrektoren, Umf\u00e4rber und machen den Tag zur Nacht, oder umgekehrt! Mit einem Wort: kein Bild ist sicher vor der Umgestaltung und Perfektionierung durch unser Grafikdesign! Und wenn Sie dann begeistert sind, sind alle meine Kopfschmerzen w\u00e4hrend des Kopfzerbrechens vergessen und wie weggeblasen! Dann bin ich stolz darauf, f\u00fcr Sie so effektvoll an Raum und Zeit herumgebastelt zu haben! Nat\u00fcrlich, ohne dass es einer merken muss! Ingenieure arbeiten unsichtbar im Hintergrund an ihren sach- und zweckorientierten L\u00f6sungen, die trotzdem \u00fcberaus geeignet sind, andere vom Hocker zu rei\u00dfen. Hinter jeder scheinbar spielerisch gefundenen Idee und schlichten Umsetzung kann ein Riesenaufwand stecken. Muss man ihm nicht ansehen, ganz im Gegenteil: die Ingenieurleistung macht sich klein und das Resultat m\u00f6glichst gro\u00df.<\/p>\n\n\n\n<p>Den umgekehrten Ansatz k\u00f6nnen Sie ebenso von A.ME DESIGN bekommen: komplexe Welten in einem Key Visual aufzubauen, in dem das Auge l\u00e4nger verweilen m\u00f6chte. \u00dcber das sich Ihr damit verbundener Produktname, Event oder Marke auf willkommene weil anregende Weise ins Ged\u00e4chtnis brennt. Die Leute m\u00f6chten in ihrem Kern erreicht werden, w\u00fcnschen sich Ber\u00fchrung im Innersten, wollen daran erinnert werden, dass sie leben. Meine Welten entf\u00fchren sie dorthin, wo sie sich diese wertvollen Impulse abholen k\u00f6nnen. Das ist nicht einfach und daf\u00fcr gibt es auch kein routiniertes Konzept. Aber Sie haben ja meine Imagination.<\/p>\n\n\n\n<p>Mein Grafikdesign f\u00fchlt sich zuhause in allen Aufgabenbereichen der Bildbearbeitung. Holen Sie mich heran, wenn da st\u00f6rende Gegenst\u00e4nde im Bild sind, die weg m\u00fcssen. Sie werden staunen, wie viel Murks durch meine Hilfe zu retten und zu versch\u00f6nern sein wird. Das kann mitunter eine teure weitere Session mit dem Fotografen ersparen.<\/p>\n\n\n<style type=\"text\/css\">\n#foogallery-gallery-1028.fg-masonry { --fg-gutter: 20px; }<\/style>\n\t\t\t<div class=\"foogallery foogallery-container foogallery-masonry foogallery-lightbox-foobox fg-center fg-masonry fg-ready fg-light fg-shadow-outline fg-loading-default fg-loaded-fade-in fg-caption-hover fg-hover-fade fg-hover-zoom fg-col2\" id=\"foogallery-gallery-1028\" data-foogallery=\"{&quot;item&quot;:{&quot;showCaptionTitle&quot;:true,&quot;showCaptionDescription&quot;:true},&quot;lazy&quot;:true}\" style=\"--fg-title-line-clamp: 0; --fg-description-line-clamp: 0;\" >\n\t\t<div class=\"fg-column-width\"><\/div>\n\t<div class=\"fg-gutter-width\"><\/div>\n\t\t<div class=\"fg-item fg-type-image fg-idle\"><figure class=\"fg-item-inner\"><a href=\"https:\/\/ame-design.de\/wp-content\/uploads\/2019\/06\/mockup_bildbearbeitung_wein.jpg\" data-caption-title=\"Composing\" data-attachment-id=\"944\" data-type=\"image\" class=\"fg-thumb\"><span class=\"fg-image-wrap\"><img decoding=\"async\" alt=\"Grafikdesign Bildbearbeitung\" title=\"Composing\" width=\"150\" height=\"150\" class=\"skip-lazy fg-image\" data-src-fg=\"https:\/\/ame-design.de\/wp-content\/uploads\/cache\/2019\/06\/mockup_bildbearbeitung_wein\/2578884507.jpg\" data-srcset-fg=\"https:\/\/ame-design.de\/wp-content\/uploads\/cache\/2019\/06\/mockup_bildbearbeitung_wein\/892979125.jpg 2x,https:\/\/ame-design.de\/wp-content\/uploads\/cache\/2019\/06\/mockup_bildbearbeitung_wein\/2729721025.jpg 3x,https:\/\/ame-design.de\/wp-content\/uploads\/cache\/2019\/06\/mockup_bildbearbeitung_wein\/238771439.jpg 4x\" src=\"data:image\/svg+xml,%3Csvg%20xmlns%3D%22http%3A%2F%2Fwww.w3.org%2F2000%2Fsvg%22%20width%3D%22150%22%20height%3D%22150%22%20viewBox%3D%220%200%20150%20150%22%3E%3C%2Fsvg%3E\" loading=\"eager\"><\/span><span class=\"fg-image-overlay\"><\/span><\/a><figcaption class=\"fg-caption\"><div class=\"fg-caption-inner\"><div class=\"fg-caption-title\">Composing<\/div><\/div><\/figcaption><\/figure><div class=\"fg-loader\"><\/div><\/div><div class=\"fg-item fg-type-image fg-idle\"><figure class=\"fg-item-inner\"><a href=\"https:\/\/ame-design.de\/wp-content\/uploads\/2019\/06\/mockup_bildbearbeitung_halloween-comp.jpg\" data-caption-title=\"Composing\" data-attachment-id=\"942\" data-type=\"image\" class=\"fg-thumb\"><span class=\"fg-image-wrap\"><img decoding=\"async\" alt=\"Grafikdesign Bildbearbeitung\" title=\"Composing\" width=\"150\" height=\"150\" class=\"skip-lazy fg-image\" data-src-fg=\"https:\/\/ame-design.de\/wp-content\/uploads\/cache\/2019\/06\/mockup_bildbearbeitung_halloween-comp\/2244538272.jpg\" data-srcset-fg=\"https:\/\/ame-design.de\/wp-content\/uploads\/cache\/2019\/06\/mockup_bildbearbeitung_halloween-comp\/3301667420.jpg 2x,https:\/\/ame-design.de\/wp-content\/uploads\/cache\/2019\/06\/mockup_bildbearbeitung_halloween-comp\/3502472883.jpg 3x,https:\/\/ame-design.de\/wp-content\/uploads\/cache\/2019\/06\/mockup_bildbearbeitung_halloween-comp\/2445337423.jpg 4x\" src=\"data:image\/svg+xml,%3Csvg%20xmlns%3D%22http%3A%2F%2Fwww.w3.org%2F2000%2Fsvg%22%20width%3D%22150%22%20height%3D%22150%22%20viewBox%3D%220%200%20150%20150%22%3E%3C%2Fsvg%3E\" loading=\"eager\"><\/span><span class=\"fg-image-overlay\"><\/span><\/a><figcaption class=\"fg-caption\"><div class=\"fg-caption-inner\"><div class=\"fg-caption-title\">Composing<\/div><\/div><\/figcaption><\/figure><div class=\"fg-loader\"><\/div><\/div><\/div>","protected":false},"excerpt":{"rendered":"<p>In ihren Bildern steckt mehr drin. Perfekte Bilder entstehen seltenst in Natura. Wir m\u00fcssen alle ein bisschen nachhelfen, und manchmal auch mehr. Daf\u00fcr sind wir unversch\u00e4mte Manipulatoren, Zeitkorrektoren, Umf\u00e4rber und machen den Tag zur Nacht, oder umgekehrt! Mit einem Wort: [&hellip;]<\/p>\n","protected":false},"author":1,"featured_media":410,"parent":12,"menu_order":20,"comment_status":"closed","ping_status":"closed","template":"page-templates\/single-service.php","meta":{"ngg_post_thumbnail":0,"footnotes":""},"class_list":["post-15","page","type-page","status-publish","has-post-thumbnail","hentry","clearfix"],"_links":{"self":[{"href":"https:\/\/ame-design.de\/index.php\/wp-json\/wp\/v2\/pages\/15","targetHints":{"allow":["GET"]}}],"collection":[{"href":"https:\/\/ame-design.de\/index.php\/wp-json\/wp\/v2\/pages"}],"about":[{"href":"https:\/\/ame-design.de\/index.php\/wp-json\/wp\/v2\/types\/page"}],"author":[{"embeddable":true,"href":"https:\/\/ame-design.de\/index.php\/wp-json\/wp\/v2\/users\/1"}],"replies":[{"embeddable":true,"href":"https:\/\/ame-design.de\/index.php\/wp-json\/wp\/v2\/comments?post=15"}],"version-history":[{"count":11,"href":"https:\/\/ame-design.de\/index.php\/wp-json\/wp\/v2\/pages\/15\/revisions"}],"predecessor-version":[{"id":1031,"href":"https:\/\/ame-design.de\/index.php\/wp-json\/wp\/v2\/pages\/15\/revisions\/1031"}],"up":[{"embeddable":true,"href":"https:\/\/ame-design.de\/index.php\/wp-json\/wp\/v2\/pages\/12"}],"wp:featuredmedia":[{"embeddable":true,"href":"https:\/\/ame-design.de\/index.php\/wp-json\/wp\/v2\/media\/410"}],"wp:attachment":[{"href":"https:\/\/ame-design.de\/index.php\/wp-json\/wp\/v2\/media?parent=15"}],"curies":[{"name":"wp","href":"https:\/\/api.w.org\/{rel}","templated":true}]}}