{"id":64,"date":"2019-06-29T21:01:25","date_gmt":"2019-06-29T21:01:25","guid":{"rendered":"http:\/\/debian.local\/wordpress\/?page_id=64"},"modified":"2019-11-20T21:08:25","modified_gmt":"2019-11-20T21:08:25","slug":"konzeption","status":"publish","type":"page","link":"https:\/\/ame-design.de\/index.php\/startseite\/konzeption\/","title":{"rendered":"Konzeption"},"content":{"rendered":"\n<p>Leitideen f\u00fcr Gro\u00dfprojekte.<\/p>\n\n\n\n<p>Kampagnen, Messen, Markenauftritte und andere Gro\u00dfprojekte bed\u00fcrfen einer guten strategischen Planung, bevor die Umsetzung erfolgt. Auf Basis ihrer Zielvorgaben entwerfe ich umfassende Grafikkonzepte, passgenau f\u00fcr sie und ihre Zielgruppe.<\/p>\n\n\n\n<p>Der Weg muss nicht steinig sein: manche findige Geister wie hier bei A.ME DESIGN verm\u00f6gen f\u00fcr Sie Kampagnen, Messen, Markenauftritte und dergleichen zu ersinnen, dass es einem schon vom Zuschauen schwindlig wird. Strengen Sie sich an \u2013 verbauen Sie mir den Weg mit sperrigen Vorgaben \u2013 doch mit meinen Sprint- und Barrieren-erprobten Grafikkonzepten werde ich \u00fcber die Laufh\u00fcrden hechten und die Zielgerade Ihrer Zielgruppe als Erste erreichen! In meinem Sport, dem Grafikdesign, bin ich scharf auf Rekorde. Ob mich jemand einholen kann? Das wird schwierig.<\/p>\n\n\n\n<p>Formate, Gr\u00f6\u00dfen, R\u00e4umlichkeit, Perspektiven \u2013 die Konzeptionierung einer Grafikerin, die sich als Ingenieurin versteht, kennt fast keine Limits. Wie der sp\u00e4tere Messestand aussehen wird, muss ich mir im Detail am Planungstisch vorstellen k\u00f6nnen. Mein Konzept bringt Ihre Botschaft, Ihr Anliegen, Ihre Unternehmensphilosophie in eine r\u00e4umliche Projektion und passt sie an funktionelle Erfordernisse, wie sie der Messestand bieten soll, an. Beispielsweise soll da eine Sitzgruppe sein, sowie gerundete Messedisplays. Dort eine Theke f\u00fcr Brosch\u00fcren. Hier ein St\u00e4nder f\u00fcr die Selbstbedienung mit Kostproben&#8230; Und alles wertig und in stimmigen Farben, gem\u00fcnzt f\u00fcr einen mit einem Blick schl\u00fcssigen Gesamteindruck. Den wei\u00df ich in meinem Grafikdesign vorwegzunehmen \u2013 das Resultat wird reinhauen wie erwartet.<\/p>\n\n\n\n<p>Kommt eine Zeitkomponente hinzu, k\u00f6nnen Sie bei A.ME DESIGN eine schl\u00fcssige Werbekampagne erhalten, die das Feuer nicht nur anz\u00fcndet, sondern auch dauernd unterh\u00e4lt \u2013 was f\u00fcr das Publikum ebenso wenig an Unterhaltung vermissen l\u00e4sst. Lassen wir allen warm ums Herz werden und den schmelzenden Eispanzer der Gleichg\u00fcltigkeit abwerfen&#8230;<\/p>\n\n\n<style type=\"text\/css\">\n#foogallery-gallery-1029.fg-masonry { --fg-gutter: 20px; }<\/style>\n\t\t\t<div class=\"foogallery foogallery-container foogallery-masonry foogallery-lightbox-foobox fg-center fg-masonry fg-ready fg-light fg-shadow-outline fg-loading-default fg-loaded-fade-in fg-caption-hover fg-hover-fade fg-hover-zoom fg-col2\" id=\"foogallery-gallery-1029\" data-foogallery=\"{&quot;item&quot;:{&quot;showCaptionTitle&quot;:true,&quot;showCaptionDescription&quot;:true},&quot;lazy&quot;:true}\" style=\"--fg-title-line-clamp: 0; --fg-description-line-clamp: 0;\" >\n\t\t<div class=\"fg-column-width\"><\/div>\n\t<div class=\"fg-gutter-width\"><\/div>\n\t\t<div class=\"fg-item fg-type-image fg-idle\"><figure class=\"fg-item-inner\"><a href=\"https:\/\/ame-design.de\/wp-content\/uploads\/2019\/06\/mockup_konzeption_elleganz-1.jpg\" data-caption-title=\"Konzeption\" data-attachment-id=\"999\" data-type=\"image\" class=\"fg-thumb\"><span class=\"fg-image-wrap\"><img decoding=\"async\" alt=\"Grafikdesign Konzeption elleGanz\" title=\"Konzeption\" width=\"150\" height=\"150\" class=\"skip-lazy fg-image\" data-src-fg=\"https:\/\/ame-design.de\/wp-content\/uploads\/cache\/2019\/06\/mockup_konzeption_elleganz-1\/62964920.jpg\" data-srcset-fg=\"https:\/\/ame-design.de\/wp-content\/uploads\/cache\/2019\/06\/mockup_konzeption_elleganz-1\/3753526807.jpg 2x,https:\/\/ame-design.de\/wp-content\/uploads\/cache\/2019\/06\/mockup_konzeption_elleganz-1\/2286255817.jpg 3x,https:\/\/ame-design.de\/wp-content\/uploads\/cache\/2019\/06\/mockup_konzeption_elleganz-1\/1413479526.jpg 4x\" src=\"data:image\/svg+xml,%3Csvg%20xmlns%3D%22http%3A%2F%2Fwww.w3.org%2F2000%2Fsvg%22%20width%3D%22150%22%20height%3D%22150%22%20viewBox%3D%220%200%20150%20150%22%3E%3C%2Fsvg%3E\" loading=\"eager\"><\/span><span class=\"fg-image-overlay\"><\/span><\/a><figcaption class=\"fg-caption\"><div class=\"fg-caption-inner\"><div class=\"fg-caption-title\">Konzeption<\/div><\/div><\/figcaption><\/figure><div class=\"fg-loader\"><\/div><\/div><\/div>\n\n\n<p><\/p>\n","protected":false},"excerpt":{"rendered":"<p>Leitideen f\u00fcr Gro\u00dfprojekte. Kampagnen, Messen, Markenauftritte und andere Gro\u00dfprojekte bed\u00fcrfen einer guten strategischen Planung, bevor die Umsetzung erfolgt. Auf Basis ihrer Zielvorgaben entwerfe ich umfassende Grafikkonzepte, passgenau f\u00fcr sie und ihre Zielgruppe. Der Weg muss nicht steinig sein: manche findige [&hellip;]<\/p>\n","protected":false},"author":1,"featured_media":414,"parent":12,"menu_order":30,"comment_status":"closed","ping_status":"closed","template":"page-templates\/single-service.php","meta":{"ngg_post_thumbnail":0,"footnotes":""},"class_list":["post-64","page","type-page","status-publish","has-post-thumbnail","hentry","clearfix"],"_links":{"self":[{"href":"https:\/\/ame-design.de\/index.php\/wp-json\/wp\/v2\/pages\/64","targetHints":{"allow":["GET"]}}],"collection":[{"href":"https:\/\/ame-design.de\/index.php\/wp-json\/wp\/v2\/pages"}],"about":[{"href":"https:\/\/ame-design.de\/index.php\/wp-json\/wp\/v2\/types\/page"}],"author":[{"embeddable":true,"href":"https:\/\/ame-design.de\/index.php\/wp-json\/wp\/v2\/users\/1"}],"replies":[{"embeddable":true,"href":"https:\/\/ame-design.de\/index.php\/wp-json\/wp\/v2\/comments?post=64"}],"version-history":[{"count":8,"href":"https:\/\/ame-design.de\/index.php\/wp-json\/wp\/v2\/pages\/64\/revisions"}],"predecessor-version":[{"id":1032,"href":"https:\/\/ame-design.de\/index.php\/wp-json\/wp\/v2\/pages\/64\/revisions\/1032"}],"up":[{"embeddable":true,"href":"https:\/\/ame-design.de\/index.php\/wp-json\/wp\/v2\/pages\/12"}],"wp:featuredmedia":[{"embeddable":true,"href":"https:\/\/ame-design.de\/index.php\/wp-json\/wp\/v2\/media\/414"}],"wp:attachment":[{"href":"https:\/\/ame-design.de\/index.php\/wp-json\/wp\/v2\/media?parent=64"}],"curies":[{"name":"wp","href":"https:\/\/api.w.org\/{rel}","templated":true}]}}