{"id":68,"date":"2019-06-29T21:04:40","date_gmt":"2019-06-29T21:04:40","guid":{"rendered":"http:\/\/debian.local\/wordpress\/?page_id=68"},"modified":"2019-08-23T12:12:03","modified_gmt":"2019-08-23T12:12:03","slug":"packaging-design","status":"publish","type":"page","link":"https:\/\/ame-design.de\/index.php\/startseite\/packaging-design\/","title":{"rendered":"Packaging Design"},"content":{"rendered":"\n<p>Ein Auspackerlebnis f\u00fcr ihr Produkt.<\/p>\n\n\n\n<p>Mit meiner langj\u00e4hrigen Erfahrung konzipiere und gestalte ich sogar f\u00fcr ausgefallene Verpackungen anspruchsvolle Designs. Ihre Kunden werden begeistert sein, schon bevor sie das Produkt selbst in den H\u00e4nden halten.<\/p>\n\n\n\n<p>Hey, wir wissen von allen Geschenken, die wir je empfangen haben: das Auspacken ist die halbe Freude. Bereiten wir Ihren Kunden das Jeder-Tag-ist-Geburtstag-Erlebnis mit geschmackvollen, ber\u00fcckenden oder extravaganten Verpackungen, wie von Kennern geheimster W\u00fcnsche auf der Designwerkbank von A.ME DESIGN mit viel Engagement erschaffen! Garantiert zu schade zum Aufrei\u00dfen und Wegwerfen! Sammlerstatus vorprogrammiert! Grafikdesign verschafft auch hier mehr, als Sie sich versprochen haben mochten.<\/p>\n\n\n\n<p>Gleichzeitig erf\u00fcllen unsere Verpackungsvorschl\u00e4ge die Anforderungen nach Informationsdichte, ohne vollgestopft zu wirken; nach Auff\u00e4lligkeit, ohne plakativ erschlagend zu wirken; sowie nach psychologisch positiver Einstimmung, ohne sich penetrant aufzudr\u00e4ngen. Subtil und freundlich, witzig und einleuchtend, l\u00e4ssig und einladend \u2013 es gibt viele Eigenschaften, die sich mit A.ME DESIGN ingenieurm\u00e4\u00dfig einbauen lassen. Sie m\u00fcssen mir nur sagen, was Sie haben wollen. Oder sich meinen geschmacklichen Rat einholen, wenn Sie selbst noch nicht genau wissen, was Sie an Empfindung erzeugt und an Message \u00fcber das Grafikdesign transportiert haben wollen.<\/p>\n\n\n\n<p>Dem Blickfang dient auch ein ungew\u00f6hnliches Packaging, das sich abseits der zweckm\u00e4\u00dfigen Formate bewegt. Also alles abseits einer langweilig quaderf\u00f6rmigen Schachtel, beispielsweise. Runde Formen, Dellen, die dem aufgedruckten Bild folgen, eine dreidimensional hervorgehobene Figur \u2013 solche Dinge. F\u00fcr einen Verpackungsfachmann mag das wegen der zur\u00fcckgesteckten Effizienz bei Transport und Lagerung ein Graus sein \u2013 f\u00fcr uns vom Grafikdesign, die wir f\u00fcr Sie um die Aufmerksamkeit von Endkunden buhlen m\u00fcssen, ist diese Abseitigkeit von der Norm ein Gewinn.<\/p>\n","protected":false},"excerpt":{"rendered":"<p>Ein Auspackerlebnis f\u00fcr ihr Produkt. Mit meiner langj\u00e4hrigen Erfahrung konzipiere und gestalte ich sogar f\u00fcr ausgefallene Verpackungen anspruchsvolle Designs. Ihre Kunden werden begeistert sein, schon bevor sie das Produkt selbst in den H\u00e4nden halten. Hey, wir wissen von allen Geschenken, [&hellip;]<\/p>\n","protected":false},"author":1,"featured_media":418,"parent":12,"menu_order":40,"comment_status":"closed","ping_status":"closed","template":"page-templates\/single-service.php","meta":{"ngg_post_thumbnail":0,"footnotes":""},"class_list":["post-68","page","type-page","status-publish","has-post-thumbnail","hentry","clearfix"],"_links":{"self":[{"href":"https:\/\/ame-design.de\/index.php\/wp-json\/wp\/v2\/pages\/68","targetHints":{"allow":["GET"]}}],"collection":[{"href":"https:\/\/ame-design.de\/index.php\/wp-json\/wp\/v2\/pages"}],"about":[{"href":"https:\/\/ame-design.de\/index.php\/wp-json\/wp\/v2\/types\/page"}],"author":[{"embeddable":true,"href":"https:\/\/ame-design.de\/index.php\/wp-json\/wp\/v2\/users\/1"}],"replies":[{"embeddable":true,"href":"https:\/\/ame-design.de\/index.php\/wp-json\/wp\/v2\/comments?post=68"}],"version-history":[{"count":4,"href":"https:\/\/ame-design.de\/index.php\/wp-json\/wp\/v2\/pages\/68\/revisions"}],"predecessor-version":[{"id":803,"href":"https:\/\/ame-design.de\/index.php\/wp-json\/wp\/v2\/pages\/68\/revisions\/803"}],"up":[{"embeddable":true,"href":"https:\/\/ame-design.de\/index.php\/wp-json\/wp\/v2\/pages\/12"}],"wp:featuredmedia":[{"embeddable":true,"href":"https:\/\/ame-design.de\/index.php\/wp-json\/wp\/v2\/media\/418"}],"wp:attachment":[{"href":"https:\/\/ame-design.de\/index.php\/wp-json\/wp\/v2\/media?parent=68"}],"curies":[{"name":"wp","href":"https:\/\/api.w.org\/{rel}","templated":true}]}}