{"id":70,"date":"2019-06-29T21:06:06","date_gmt":"2019-06-29T21:06:06","guid":{"rendered":"http:\/\/debian.local\/wordpress\/?page_id=70"},"modified":"2019-11-20T21:18:20","modified_gmt":"2019-11-20T21:18:20","slug":"logoentwicklung-und-corporate-design","status":"publish","type":"page","link":"https:\/\/ame-design.de\/index.php\/startseite\/logoentwicklung-und-corporate-design\/","title":{"rendered":"Logo- und Corporate Design"},"content":{"rendered":"\n<p>Das Logo ist das Herzst\u00fcck jedes Unternehmens.<\/p>\n\n\n\n<p>An guten und weniger guten Logos scheiden sich die Geister. Entscheiden Sie sich f\u00fcr die gute Seite der Designmacht, die hinter A.ME DESIGN steckt! Markenzeichen und Firmensymbolik eines f\u00e4higen Grafikdesigns pr\u00e4gen sich im besten Fall \u00fcber Jahre ins \u00f6ffentliche Ged\u00e4chtnis ein \u2013 und brauchen dann weniger Aufwand, um ihre Stellung am Markt zu behaupten. Darum ist einpr\u00e4gsames Logodesign so wichtig f\u00fcr die bleibende Wahrnehmung. Sie m\u00f6chten nat\u00fcrlich damit positive Wertungen oder gar Gef\u00fchle verbunden sehen, die man nicht m\u00fchsam mit jeder Kampagne neu etablieren m\u00fcsste, sondern das bereits auf ein bestehendes Qualit\u00e4tsimage vertrauen kann. Der Traum eines guten Logos, das dann gehegt und gepflegt werden kann wie ein schattenspendender m\u00e4chtiger Baum, der weiter Fr\u00fcchte tr\u00e4gt. Nur ab und zu dezent modernisiert mit etwas Astschnitt.&nbsp;<\/p>\n\n\n\n<p>Das Logo aus der Hand eines kompetenten Grafikdesigns besitzt eine Kernaussage, eine Quintessenz, die unbedingt Ihr Unternehmen angemessen repr\u00e4sentiert. Und zwar idealerweise ungezwungen wie leicht erkennbar, ohne Geschwafel \u00fcber seine Symbolik n\u00f6tig zu machen. Symbol, Symbol mit Spruch, nur Spruch. Mischformen. Wird es genial gut, werden dennoch Doktorarbeiten der Zukunft dar\u00fcber geschrieben werden&#8230; aber das soll unser Problem nicht sein.<\/p>\n\n\n\n<p>Idealerweise findet sich Ihre Firma in diesem einzigen Symbol treffsicher wiedergegeben, ohne dass es vieler W\u00f6rter bed\u00fcrfte. Das Bild aber wirkt unabl\u00e4ssig mit seiner Botschaft. Der \u00f6ffentliche Raum, das Stra\u00dfenbild, ein \u00fcberladener Schreibtisch \u2013 \u00fcberall und immer muss Ihr Markenzeichen positiv aus der Menge von Eindr\u00fccken herausragen und auffallen. Ich finde die Quintessenz dieses Effektes und banne ihn m\u00fchelos mit den Werkzeugen meines Grafikdesigns in Ihr Corporate Design. Aber was ist das nun wieder?<\/p>\n\n\n\n<p>Ein Grafikdesign kann vielleicht wie hingekleckst und simpel wirken, ist aber entweder das Produkt harter Arbeit, oder es ereignete sich eine pl\u00f6tzliche Eingebung dazu, die niemand vorausplanen konnte. Und Sie k\u00f6nnen sich aus diesem Schatz bedienen.<\/p>\n\n\n<style type=\"text\/css\">\n#foogallery-gallery-1033.fg-masonry { --fg-gutter: 20px; }<\/style>\n\t\t\t<div class=\"foogallery foogallery-container foogallery-masonry foogallery-lightbox-foobox fg-center fg-masonry fg-ready fg-light fg-shadow-outline fg-loading-default fg-loaded-fade-in fg-caption-hover fg-hover-fade fg-hover-zoom fg-col2\" id=\"foogallery-gallery-1033\" data-foogallery=\"{&quot;item&quot;:{&quot;showCaptionTitle&quot;:true,&quot;showCaptionDescription&quot;:true},&quot;lazy&quot;:true}\" style=\"--fg-title-line-clamp: 0; --fg-description-line-clamp: 0;\" >\n\t\t<div class=\"fg-column-width\"><\/div>\n\t<div class=\"fg-gutter-width\"><\/div>\n\t\t<div class=\"fg-item fg-type-image fg-idle\"><figure class=\"fg-item-inner\"><a href=\"https:\/\/ame-design.de\/wp-content\/uploads\/2019\/06\/mockup_logo_kraftwald.jpg\" data-caption-title=\"Logodesign\" data-attachment-id=\"1047\" data-type=\"image\" class=\"fg-thumb\"><span class=\"fg-image-wrap\"><img decoding=\"async\" alt=\"Grafikdesign Logodesign\" title=\"Logodesign\" width=\"150\" height=\"150\" class=\"skip-lazy fg-image\" data-src-fg=\"https:\/\/ame-design.de\/wp-content\/uploads\/cache\/2019\/06\/mockup_logo_kraftwald\/2721285962.jpg\" data-srcset-fg=\"https:\/\/ame-design.de\/wp-content\/uploads\/cache\/2019\/06\/mockup_logo_kraftwald\/3215112718.jpg 2x,https:\/\/ame-design.de\/wp-content\/uploads\/cache\/2019\/06\/mockup_logo_kraftwald\/165042441.jpg 3x,https:\/\/ame-design.de\/wp-content\/uploads\/cache\/2019\/06\/mockup_logo_kraftwald\/340223053.jpg 4x\" src=\"data:image\/svg+xml,%3Csvg%20xmlns%3D%22http%3A%2F%2Fwww.w3.org%2F2000%2Fsvg%22%20width%3D%22150%22%20height%3D%22150%22%20viewBox%3D%220%200%20150%20150%22%3E%3C%2Fsvg%3E\" loading=\"eager\"><\/span><span class=\"fg-image-overlay\"><\/span><\/a><figcaption class=\"fg-caption\"><div class=\"fg-caption-inner\"><div class=\"fg-caption-title\">Logodesign<\/div><\/div><\/figcaption><\/figure><div class=\"fg-loader\"><\/div><\/div><div class=\"fg-item fg-type-image fg-idle\"><figure class=\"fg-item-inner\"><a href=\"https:\/\/ame-design.de\/wp-content\/uploads\/2019\/06\/mockup_logo_sup-1.jpg\" data-caption-title=\"Logodesign\" data-attachment-id=\"984\" data-type=\"image\" class=\"fg-thumb\"><span class=\"fg-image-wrap\"><img decoding=\"async\" alt=\"Grafikdesign Logodesign\" title=\"Logodesign\" width=\"150\" height=\"150\" class=\"skip-lazy fg-image\" data-src-fg=\"https:\/\/ame-design.de\/wp-content\/uploads\/cache\/2019\/06\/mockup_logo_sup-1\/701950015.jpg\" data-srcset-fg=\"https:\/\/ame-design.de\/wp-content\/uploads\/cache\/2019\/06\/mockup_logo_sup-1\/3754682861.jpg 2x,https:\/\/ame-design.de\/wp-content\/uploads\/cache\/2019\/06\/mockup_logo_sup-1\/3592703500.jpg 3x,https:\/\/ame-design.de\/wp-content\/uploads\/cache\/2019\/06\/mockup_logo_sup-1\/540626910.jpg 4x\" src=\"data:image\/svg+xml,%3Csvg%20xmlns%3D%22http%3A%2F%2Fwww.w3.org%2F2000%2Fsvg%22%20width%3D%22150%22%20height%3D%22150%22%20viewBox%3D%220%200%20150%20150%22%3E%3C%2Fsvg%3E\" loading=\"eager\"><\/span><span class=\"fg-image-overlay\"><\/span><\/a><figcaption class=\"fg-caption\"><div class=\"fg-caption-inner\"><div class=\"fg-caption-title\">Logodesign<\/div><\/div><\/figcaption><\/figure><div class=\"fg-loader\"><\/div><\/div><div class=\"fg-item fg-type-image fg-idle\"><figure class=\"fg-item-inner\"><a href=\"https:\/\/ame-design.de\/wp-content\/uploads\/2019\/06\/mockup_logodesign_jabmedia.jpg\" data-caption-title=\"Logodesign\" data-attachment-id=\"935\" data-type=\"image\" class=\"fg-thumb\"><span class=\"fg-image-wrap\"><img decoding=\"async\" alt=\"Grafikdesign Logodesign\" title=\"Logodesign\" width=\"150\" height=\"150\" class=\"skip-lazy fg-image\" data-src-fg=\"https:\/\/ame-design.de\/wp-content\/uploads\/cache\/2019\/06\/mockup_logodesign_jabmedia\/3175678920.jpg\" data-srcset-fg=\"https:\/\/ame-design.de\/wp-content\/uploads\/cache\/2019\/06\/mockup_logodesign_jabmedia\/2396024291.jpg 2x,https:\/\/ame-design.de\/wp-content\/uploads\/cache\/2019\/06\/mockup_logodesign_jabmedia\/3522335208.jpg 3x,https:\/\/ame-design.de\/wp-content\/uploads\/cache\/2019\/06\/mockup_logodesign_jabmedia\/3798728643.jpg 4x\" src=\"data:image\/svg+xml,%3Csvg%20xmlns%3D%22http%3A%2F%2Fwww.w3.org%2F2000%2Fsvg%22%20width%3D%22150%22%20height%3D%22150%22%20viewBox%3D%220%200%20150%20150%22%3E%3C%2Fsvg%3E\" loading=\"eager\"><\/span><span class=\"fg-image-overlay\"><\/span><\/a><figcaption class=\"fg-caption\"><div class=\"fg-caption-inner\"><div class=\"fg-caption-title\">Logodesign<\/div><\/div><\/figcaption><\/figure><div class=\"fg-loader\"><\/div><\/div><div class=\"fg-item fg-type-image fg-idle\"><figure class=\"fg-item-inner\"><a href=\"https:\/\/ame-design.de\/wp-content\/uploads\/2019\/06\/mockup_logo_praxis.jpg\" data-caption-title=\"Logodesign\" data-attachment-id=\"941\" data-type=\"image\" class=\"fg-thumb\"><span class=\"fg-image-wrap\"><img decoding=\"async\" alt=\"Grafikdesign Logodesign\" title=\"Logodesign\" width=\"150\" height=\"150\" class=\"skip-lazy fg-image\" data-src-fg=\"https:\/\/ame-design.de\/wp-content\/uploads\/cache\/2019\/06\/mockup_logo_praxis\/2088329724.jpg\" data-srcset-fg=\"https:\/\/ame-design.de\/wp-content\/uploads\/cache\/2019\/06\/mockup_logo_praxis\/340971269.jpg 2x,https:\/\/ame-design.de\/wp-content\/uploads\/cache\/2019\/06\/mockup_logo_praxis\/3277255244.jpg 3x,https:\/\/ame-design.de\/wp-content\/uploads\/cache\/2019\/06\/mockup_logo_praxis\/2877119669.jpg 4x\" src=\"data:image\/svg+xml,%3Csvg%20xmlns%3D%22http%3A%2F%2Fwww.w3.org%2F2000%2Fsvg%22%20width%3D%22150%22%20height%3D%22150%22%20viewBox%3D%220%200%20150%20150%22%3E%3C%2Fsvg%3E\" loading=\"eager\"><\/span><span class=\"fg-image-overlay\"><\/span><\/a><figcaption class=\"fg-caption\"><div class=\"fg-caption-inner\"><div class=\"fg-caption-title\">Logodesign<\/div><\/div><\/figcaption><\/figure><div class=\"fg-loader\"><\/div><\/div><\/div>","protected":false},"excerpt":{"rendered":"<p>Das Logo ist das Herzst\u00fcck jedes Unternehmens. An guten und weniger guten Logos scheiden sich die Geister. Entscheiden Sie sich f\u00fcr die gute Seite der Designmacht, die hinter A.ME DESIGN steckt! Markenzeichen und Firmensymbolik eines f\u00e4higen Grafikdesigns pr\u00e4gen sich im [&hellip;]<\/p>\n","protected":false},"author":1,"featured_media":416,"parent":12,"menu_order":40,"comment_status":"closed","ping_status":"closed","template":"page-templates\/single-service.php","meta":{"ngg_post_thumbnail":0,"footnotes":""},"class_list":["post-70","page","type-page","status-publish","has-post-thumbnail","hentry","clearfix"],"_links":{"self":[{"href":"https:\/\/ame-design.de\/index.php\/wp-json\/wp\/v2\/pages\/70","targetHints":{"allow":["GET"]}}],"collection":[{"href":"https:\/\/ame-design.de\/index.php\/wp-json\/wp\/v2\/pages"}],"about":[{"href":"https:\/\/ame-design.de\/index.php\/wp-json\/wp\/v2\/types\/page"}],"author":[{"embeddable":true,"href":"https:\/\/ame-design.de\/index.php\/wp-json\/wp\/v2\/users\/1"}],"replies":[{"embeddable":true,"href":"https:\/\/ame-design.de\/index.php\/wp-json\/wp\/v2\/comments?post=70"}],"version-history":[{"count":6,"href":"https:\/\/ame-design.de\/index.php\/wp-json\/wp\/v2\/pages\/70\/revisions"}],"predecessor-version":[{"id":1038,"href":"https:\/\/ame-design.de\/index.php\/wp-json\/wp\/v2\/pages\/70\/revisions\/1038"}],"up":[{"embeddable":true,"href":"https:\/\/ame-design.de\/index.php\/wp-json\/wp\/v2\/pages\/12"}],"wp:featuredmedia":[{"embeddable":true,"href":"https:\/\/ame-design.de\/index.php\/wp-json\/wp\/v2\/media\/416"}],"wp:attachment":[{"href":"https:\/\/ame-design.de\/index.php\/wp-json\/wp\/v2\/media?parent=70"}],"curies":[{"name":"wp","href":"https:\/\/api.w.org\/{rel}","templated":true}]}}